{"id":19,"date":"2024-07-12T20:58:32","date_gmt":"2024-07-12T20:58:32","guid":{"rendered":"https:\/\/hfmsystems.hu\/?page_id=19"},"modified":"2024-07-12T21:24:20","modified_gmt":"2024-07-12T21:24:20","slug":"19-2","status":"publish","type":"page","link":"https:\/\/hfmsystems.hu\/","title":{"rendered":"Fejleszt\u00e9s alatt"},"content":{"rendered":"\n<div class=\"wp-block-cover alignfull is-light\" style=\"min-height:100vh;aspect-ratio:unset;\"><span aria-hidden=\"true\" class=\"wp-block-cover__background has-background-dim-100 has-background-dim\" style=\"background-color:#ffffff\"><\/span><div class=\"wp-block-cover__inner-container is-layout-flow wp-block-cover-is-layout-flow\">\n<div class=\"wp-block-media-text alignwide is-stacked-on-mobile is-vertically-aligned-center has-background\" style=\"background:linear-gradient(135deg,rgb(6,147,227) 0%,rgb(39,178,196) 51%,rgb(155,81,224) 100%);margin-top:0;margin-right:0;margin-bottom:0;margin-left:0;grid-template-columns:56% auto\"><figure class=\"wp-block-media-text__media\"><img loading=\"lazy\" decoding=\"async\" width=\"885\" height=\"650\" src=\"https:\/\/hfmsystems.hu\/wp-content\/uploads\/2024\/07\/CDJ3000.jpg\" alt=\"djpult\" class=\"wp-image-15 size-full\" srcset=\"https:\/\/hfmsystems.hu\/wp-content\/uploads\/2024\/07\/CDJ3000.jpg 885w, https:\/\/hfmsystems.hu\/wp-content\/uploads\/2024\/07\/CDJ3000-300x220.jpg 300w, https:\/\/hfmsystems.hu\/wp-content\/uploads\/2024\/07\/CDJ3000-768x564.jpg 768w\" sizes=\"auto, (max-width: 885px) 100vw, 885px\" \/><\/figure><div class=\"wp-block-media-text__content\">\n<h2 class=\"wp-block-heading has-text-align-center is-style-default has-base-2-color has-text-color\" style=\"font-size:clamp(22.544px, 1.409rem + ((1vw - 3.2px) * 1.506), 37px);\"><strong>Oldalunk fejleszt\u00e9s alatt \u00e1ll&#8230;<\/strong><\/h2>\n\n\n\n<script src=\"https:\/\/unpkg.com\/@dotlottie\/player-component@latest\/dist\/dotlottie-player.mjs\" type=\"module\"><\/script> \n\n    <dotlottie-player src=\"https:\/\/lottie.host\/f1ef0795-0c54-4ea4-9ca5-1de9b6d49d4d\/LrlnEgumqg.json\" background=\"transparent\" speed=\"1\" style=\"width: 300px; height: 300px;\" loop autoplay><\/dotlottie-player>\n\n\n\n<p class=\"has-text-align-center has-base-2-color has-text-color has-link-color wp-elements-30f972c66e7b9486238df3cf7e09a79e\">De aggodalomra semmi ok, az al\u00e1bbi e-mail c\u00edmen el\u00e9rhet\u0151ek vagyunk:<\/p>\n\n\n\n<div class=\"wp-block-buttons is-content-justification-center is-layout-flex wp-container-core-buttons-is-layout-a89b3969 wp-block-buttons-is-layout-flex\">\n<div class=\"wp-block-button has-custom-width wp-block-button__width-75 has-custom-font-size is-style-fill has-large-font-size\"><a class=\"wp-block-button__link has-base-color has-text-color has-background has-link-color has-text-align-center wp-element-button\" style=\"border-radius:15px;background-color:#0085ff\">info@hfmsystems.hu<\/a><\/div>\n<\/div>\n<\/div><\/div>\n<\/div><\/div>\n","protected":false},"excerpt":{"rendered":"","protected":false},"author":1,"featured_media":0,"parent":0,"menu_order":0,"comment_status":"closed","ping_status":"closed","template":"page-no-title","meta":{"footnotes":""},"class_list":["post-19","page","type-page","status-publish","hentry"],"_links":{"self":[{"href":"https:\/\/hfmsystems.hu\/index.php?rest_route=\/wp\/v2\/pages\/19","targetHints":{"allow":["GET"]}}],"collection":[{"href":"https:\/\/hfmsystems.hu\/index.php?rest_route=\/wp\/v2\/pages"}],"about":[{"href":"https:\/\/hfmsystems.hu\/index.php?rest_route=\/wp\/v2\/types\/page"}],"author":[{"embeddable":true,"href":"https:\/\/hfmsystems.hu\/index.php?rest_route=\/wp\/v2\/users\/1"}],"replies":[{"embeddable":true,"href":"https:\/\/hfmsystems.hu\/index.php?rest_route=%2Fwp%2Fv2%2Fcomments&post=19"}],"version-history":[{"count":10,"href":"https:\/\/hfmsystems.hu\/index.php?rest_route=\/wp\/v2\/pages\/19\/revisions"}],"predecessor-version":[{"id":35,"href":"https:\/\/hfmsystems.hu\/index.php?rest_route=\/wp\/v2\/pages\/19\/revisions\/35"}],"wp:attachment":[{"href":"https:\/\/hfmsystems.hu\/index.php?rest_route=%2Fwp%2Fv2%2Fmedia&parent=19"}],"curies":[{"name":"wp","href":"https:\/\/api.w.org\/{rel}","templated":true}]}}